{"id":1183,"date":"2016-05-19T11:45:55","date_gmt":"2016-05-19T11:45:55","guid":{"rendered":"http:\/\/www.mieuxetheureux.ch\/?page_id=1183"},"modified":"2016-05-19T18:59:25","modified_gmt":"2016-05-19T18:59:25","slug":"comment-ca-marche","status":"publish","type":"page","link":"https:\/\/www.mieuxetheureux.ch\/?page_id=1183","title":{"rendered":"Comment \u00e7a marche?"},"content":{"rendered":"<h4>Le test musculaire<\/h4>\n<h6>A quoi \u00e7a sert?<\/h6>\n<p>Le test musculaire est l&rsquo;outil commun \u00e0 toutes les branches de la kin\u00e9siologie.\u00a0Il permet d&rsquo;\u00e9tablir un dialogue avec le corps en d\u00e9jouant le filtre du mental conscient.\u00a0Il permet ainsi de reprendre contact\u00a0\u00a0avec la source de son \u00eatre pour acc\u00e9der \u00e0 l&rsquo;auto-connaissance et apprendre \u00e0 g\u00e9rer sa vie et ses stress.<\/p>\n<p>Toute exp\u00e9rience du pass\u00e9 laisse des traces en nous.\u00a0 Nos\u00a0 peurs, nos col\u00e8res, nos douleurs ou nos exp\u00e9riences rest\u00e9es sans solution s&rsquo;impriment en nous (dans nos neurones, nos nerfs, nos cellules, nos tissus, nos muscles) comme des blessures dont la souffrance est r\u00e9activ\u00e9e \u00e0 chaque fois que nous rencontrons une situation de vie similaire. En pr\u00e9sence de ce stress, nous mettons en place des strat\u00e9gies de survie ou de d\u00e9fense qui ne sont plus n\u00e9cessairement adapt\u00e9es \u00e0 la situation et qui\u00a0 nous limitent\u00a0 dans l&rsquo;utilisation de notre potentiel.<\/p>\n<p>La kin\u00e9siologie permet d&rsquo;acc\u00e9der \u00e0 ces empreintes, de les questionner et de d\u00e9couvrir leur sens. Diff\u00e9rentes techniques permettent ensuite de lib\u00e9rer la m\u00e9moire du corps de ces exp\u00e9riences limitantes, de d\u00e9passer les strat\u00e9gies restrictives qu&rsquo;elles imposent et de redonner acc\u00e8s \u00e0 l&rsquo;ensemble des ressources int\u00e9rieures de la personne.<\/p>\n<p>Ainsi lib\u00e9r\u00e9 de ses sch\u00e9mas restrictifs et en pleine possession de son potentiel, l&rsquo;individu retrouve sa libert\u00e9 de choix et d&rsquo;action!<\/p>\n<h6>Comment \u00e7a marche\u00a0?<\/h6>\n<p>Le test musculaire consiste \u00e0 mettre un muscle en contraction et \u00e0 exercer une pression l\u00e9g\u00e8re pour le faire quitter sa position. Le tonus musculaire change en fonction de l&rsquo;\u00e9nergie qui circule dans le muscle. Un muscle dans lequel l&rsquo;\u00e9nergie circule librement restera facilement en place, alors qu&rsquo;un muscle confront\u00e9 \u00e0 un blocage \u00e9nerg\u00e9tique ou \u00e0 un stress (physiologique, \u00e9motionnel, mental, ou autre) c\u00e8dera \u00e0 la pression.<\/p>\n","protected":false},"excerpt":{"rendered":"<p>Le test musculaire A quoi \u00e7a sert? Le test musculaire est l&rsquo;outil commun \u00e0 toutes les branches de la kin\u00e9siologie.\u00a0Il permet d&rsquo;\u00e9tablir un dialogue avec le corps&hellip; <span class=\"read-more\"><a class=\"more-link\" href=\"https:\/\/www.mieuxetheureux.ch\/?page_id=1183\" rel=\"bookmark\">Lire la suite <span class=\"screen-reader-text\">\u00ab\u00a0Comment \u00e7a marche?\u00a0\u00bb<\/span><\/a><\/span><\/p>\n","protected":false},"author":1,"featured_media":548,"parent":0,"menu_order":0,"comment_status":"closed","ping_status":"closed","template":"","meta":[],"_links":{"self":[{"href":"https:\/\/www.mieuxetheureux.ch\/index.php?rest_route=\/wp\/v2\/pages\/1183"}],"collection":[{"href":"https:\/\/www.mieuxetheureux.ch\/index.php?rest_route=\/wp\/v2\/pages"}],"about":[{"href":"https:\/\/www.mieuxetheureux.ch\/index.php?rest_route=\/wp\/v2\/types\/page"}],"author":[{"embeddable":true,"href":"https:\/\/www.mieuxetheureux.ch\/index.php?rest_route=\/wp\/v2\/users\/1"}],"replies":[{"embeddable":true,"href":"https:\/\/www.mieuxetheureux.ch\/index.php?rest_route=%2Fwp%2Fv2%2Fcomments&post=1183"}],"version-history":[{"count":4,"href":"https:\/\/www.mieuxetheureux.ch\/index.php?rest_route=\/wp\/v2\/pages\/1183\/revisions"}],"predecessor-version":[{"id":1188,"href":"https:\/\/www.mieuxetheureux.ch\/index.php?rest_route=\/wp\/v2\/pages\/1183\/revisions\/1188"}],"wp:featuredmedia":[{"embeddable":true,"href":"https:\/\/www.mieuxetheureux.ch\/index.php?rest_route=\/wp\/v2\/media\/548"}],"wp:attachment":[{"href":"https:\/\/www.mieuxetheureux.ch\/index.php?rest_route=%2Fwp%2Fv2%2Fmedia&parent=1183"}],"curies":[{"name":"wp","href":"https:\/\/api.w.org\/{rel}","templated":true}]}}