{"id":121,"date":"2016-03-05T20:38:52","date_gmt":"2016-03-05T19:38:52","guid":{"rendered":"http:\/\/www.mieuxetheureux.ch\/wordpress\/?page_id=121"},"modified":"2017-03-16T22:22:44","modified_gmt":"2017-03-16T21:22:44","slug":"deroulement-seance","status":"publish","type":"page","link":"https:\/\/www.mieuxetheureux.ch\/?page_id=121","title":{"rendered":"Une s\u00e9ance"},"content":{"rendered":"<p style=\"text-align: justify;\">En d\u00e9but de s\u00e9ance, nous discutons du motif de votre consultation et d\u00e9terminons ce sur quoi vous d\u00e9sirez travailler. Cette \u00e9tape est \u00e9tablie par le dialogue et le test musculaire.<\/p>\n<p style=\"text-align: justify;\">Une fois l\u2019objectif de la s\u00e9ance pr\u00e9cis\u00e9, nous \u00e9quilibrons les \u00e9nergies en recourant \u00e0 des techniques tr\u00e8s vari\u00e9es qui peuvent \u00eatre d\u2019ordre corporel, \u00e9motionnel, sensoriel, verbal, etc. Cette remise en circuit des \u00e9nergies vise \u00e0 cr\u00e9er dans votre syst\u00e8me corps-esprit-\u00e9nergie les meilleures conditions possibles pour r\u00e9activer vos ressources et pour vous mettre en route vers votre objectif.<\/p>\n<p style=\"text-align: justify;\">Nous d\u00e9finissons\u00a0ensuite un acte que vous aurez \u00e0 poser dans votre quotidien pour y transf\u00e9rer le travail de la s\u00e9ance. Il marquera une premi\u00e8re \u00e9tape vers votre but et vous servira de rep\u00e8re pour \u00e9valuer le chemin parcouru.<\/p>\n","protected":false},"excerpt":{"rendered":"<p>En d\u00e9but de s\u00e9ance, nous discutons du motif de votre consultation et d\u00e9terminons ce sur quoi vous d\u00e9sirez travailler. Cette \u00e9tape est \u00e9tablie par le dialogue et&hellip; <span class=\"read-more\"><a class=\"more-link\" href=\"https:\/\/www.mieuxetheureux.ch\/?page_id=121\" rel=\"bookmark\">Lire la suite <span class=\"screen-reader-text\">\u00ab\u00a0Une s\u00e9ance\u00a0\u00bb<\/span><\/a><\/span><\/p>\n","protected":false},"author":1,"featured_media":825,"parent":0,"menu_order":4,"comment_status":"closed","ping_status":"closed","template":"","meta":[],"_links":{"self":[{"href":"https:\/\/www.mieuxetheureux.ch\/index.php?rest_route=\/wp\/v2\/pages\/121"}],"collection":[{"href":"https:\/\/www.mieuxetheureux.ch\/index.php?rest_route=\/wp\/v2\/pages"}],"about":[{"href":"https:\/\/www.mieuxetheureux.ch\/index.php?rest_route=\/wp\/v2\/types\/page"}],"author":[{"embeddable":true,"href":"https:\/\/www.mieuxetheureux.ch\/index.php?rest_route=\/wp\/v2\/users\/1"}],"replies":[{"embeddable":true,"href":"https:\/\/www.mieuxetheureux.ch\/index.php?rest_route=%2Fwp%2Fv2%2Fcomments&post=121"}],"version-history":[{"count":10,"href":"https:\/\/www.mieuxetheureux.ch\/index.php?rest_route=\/wp\/v2\/pages\/121\/revisions"}],"predecessor-version":[{"id":1323,"href":"https:\/\/www.mieuxetheureux.ch\/index.php?rest_route=\/wp\/v2\/pages\/121\/revisions\/1323"}],"wp:featuredmedia":[{"embeddable":true,"href":"https:\/\/www.mieuxetheureux.ch\/index.php?rest_route=\/wp\/v2\/media\/825"}],"wp:attachment":[{"href":"https:\/\/www.mieuxetheureux.ch\/index.php?rest_route=%2Fwp%2Fv2%2Fmedia&parent=121"}],"curies":[{"name":"wp","href":"https:\/\/api.w.org\/{rel}","templated":true}]}}