{"id":123,"date":"2016-03-05T20:48:20","date_gmt":"2016-03-05T20:48:20","guid":{"rendered":"http:\/\/www.mieuxetheureux.ch\/wordpress\/?page_id=123"},"modified":"2016-05-21T14:30:51","modified_gmt":"2016-05-21T13:30:51","slug":"psychologie","status":"publish","type":"page","link":"https:\/\/www.mieuxetheureux.ch\/?page_id=123","title":{"rendered":"Psychologie"},"content":{"rendered":"<p>Des questions, des difficult\u00e9s concernant le d\u00e9veloppement et l&rsquo;accompagnement de votre enfant au quotidien?<!--more Lire la suite--><\/p>\n<p style=\"text-align: justify;\">Face \u00e0 des comportements parfois d\u00e9stabilisants voire incompr\u00e9hensibles de son enfant, un parent peut ressentir de l&rsquo;inqui\u00e9tude, de l&rsquo;irritation, de la culpabilit\u00e9\u00a0ou m\u00eame de l&rsquo;impuissance.<\/p>\n<p style=\"text-align: justify;\">Solliciter alors l&rsquo;aide d&rsquo;un psychologue\u00a0n&rsquo;est pas chose ais\u00e9e.\u00a0Cette d\u00e9marche t\u00e9moigne pourtant\u00a0d&rsquo;une volont\u00e9 de faire \u00e9voluer la\u00a0situation,\u00a0et d&rsquo;offrir,\u00a0\u00e0 soi-m\u00eame et \u00e0 son enfant, une occasion de d\u00e9velopper des ressources pour d\u00e9passer le moment de crise et retrouver un d\u00e9veloppement personnel sain et des relations interpersonnelles harmonieuses.<\/p>\n<p style=\"text-align: justify;\">Pour vous aider dans ce cheminement, je vous propose :<\/p>\n<p><!--more Lire la suite--><\/p>\n","protected":false},"excerpt":{"rendered":"<p>Des questions, des difficult\u00e9s concernant le d\u00e9veloppement et l&rsquo;accompagnement de votre enfant au quotidien?<\/p>\n","protected":false},"author":1,"featured_media":194,"parent":0,"menu_order":2,"comment_status":"closed","ping_status":"closed","template":"page-templates\/template-grid.php","meta":[],"_links":{"self":[{"href":"https:\/\/www.mieuxetheureux.ch\/index.php?rest_route=\/wp\/v2\/pages\/123"}],"collection":[{"href":"https:\/\/www.mieuxetheureux.ch\/index.php?rest_route=\/wp\/v2\/pages"}],"about":[{"href":"https:\/\/www.mieuxetheureux.ch\/index.php?rest_route=\/wp\/v2\/types\/page"}],"author":[{"embeddable":true,"href":"https:\/\/www.mieuxetheureux.ch\/index.php?rest_route=\/wp\/v2\/users\/1"}],"replies":[{"embeddable":true,"href":"https:\/\/www.mieuxetheureux.ch\/index.php?rest_route=%2Fwp%2Fv2%2Fcomments&post=123"}],"version-history":[{"count":22,"href":"https:\/\/www.mieuxetheureux.ch\/index.php?rest_route=\/wp\/v2\/pages\/123\/revisions"}],"predecessor-version":[{"id":1235,"href":"https:\/\/www.mieuxetheureux.ch\/index.php?rest_route=\/wp\/v2\/pages\/123\/revisions\/1235"}],"wp:featuredmedia":[{"embeddable":true,"href":"https:\/\/www.mieuxetheureux.ch\/index.php?rest_route=\/wp\/v2\/media\/194"}],"wp:attachment":[{"href":"https:\/\/www.mieuxetheureux.ch\/index.php?rest_route=%2Fwp%2Fv2%2Fmedia&parent=123"}],"curies":[{"name":"wp","href":"https:\/\/api.w.org\/{rel}","templated":true}]}}