{"id":125,"date":"2016-03-05T20:54:19","date_gmt":"2016-03-05T20:54:19","guid":{"rendered":"http:\/\/www.mieuxetheureux.ch\/wordpress\/?page_id=125"},"modified":"2016-05-19T12:56:51","modified_gmt":"2016-05-19T12:56:51","slug":"accompagnement-educatif","status":"publish","type":"page","link":"https:\/\/www.mieuxetheureux.ch\/?page_id=125","title":{"rendered":"Accompagnement parental"},"content":{"rendered":"<p>Construire au quotidien une relation bienveillante et cadrante avec vos enfants.<!--more--><\/p>\n<h4 style=\"text-align: justify;\">Pour qui?<\/h4>\n<p style=\"text-align: justify;\">L\u2019accompagnement parental\u00a0est destin\u00e9 \u00e0\u00a0tous les parents qui veulent le bien de leur(s) enfant(s), mais rencontrent des difficult\u00e9s, des questionnements, de l\u2019essoufflement, voire m\u00eame de l\u2019\u00e9puisement, dans l\u2019accomplissement et la mise en pratique de leur r\u00f4le parental, que ces difficult\u00e9s soient d&rsquo;ordre \u00e9ducatif, relationnel ou communicationnel.<\/p>\n<h4 style=\"text-align: justify;\">Pourquoi?<\/h4>\n<p style=\"text-align: justify;\">Pour mieux comprendre votre enfant et ses besoins, et lui donner les rep\u00e8res \u00e9ducatifs et affectifs qui lui sont n\u00e9cessaires pour grandir harmonieusement et s\u2019\u00e9panouir (<strong>mettre des limites, g\u00e9rer les conflits, amener \u00e0 l&rsquo;autonomie, \u00a0\u00eatre aimant, pr\u00e9sent, soutenant, etc<\/strong>).<\/p>\n<p style=\"text-align: justify;\">Parce que vous vous interrogez et vous sentez d\u00e9munis face \u00e0 certains comportements ou r\u00e9ponses comportementales de votre enfant (<strong>opposition, agitation, anxi\u00e9t\u00e9, agressivit\u00e9, tristesse, manifestations somatiques, rivalit\u00e9s dans la fratrie, changement brusque de comportement, comportement excessif, difficult\u00e9s relationnelles,\u00a0questions sur le d\u00e9veloppement ou sur des besoins particuliers, familles monoparentales ou recompos\u00e9es, etc.<\/strong>).<\/p>\n<p style=\"text-align: justify;\">Parce que vous souhaitez mettre en place une relation parent-enfant(s) plus constructive et que vous avez besoin d\u2019aide pour r\u00e9aliser ce projet (<strong>communication,\u00a0respect, attachement, autonomie, confiance en soi, estime de soi, etc<\/strong>).<\/p>\n<p style=\"text-align: justify;\">En bref, pour\u00a0vous aider \u00e0 devenir les parents que vous d\u00e9sirez \u00eatre!<\/p>\n<p style=\"text-align: justify;\"><span style=\"color: #99ccff;\">Et essentiellement,<\/span><\/p>\n<p style=\"text-align: justify;\">Pour qu\u2019\u00caTRE PARENT ne soit pas seulement un<del> grand d\u00e9fi<\/del>, mais aussi une immense SOURCE DE JOIE!<\/p>\n<h4 style=\"text-align: justify;\">Comment?<\/h4>\n<p style=\"text-align: justify;\">Lors d\u2019entretiens avec vous, parent(s), je vous offre\u00a0un espace pour \u00e9changer au sujet de la situation qui vous pr\u00e9occupe, et vous propose un\u00a0regard professionnel, ainsi que diff\u00e9rents outils pour mettre en place des changements visant \u00e0 am\u00e9liorer le quotidien avec votre enfant.<\/p>\n<p style=\"text-align: justify;\">Nous construisons\u00a0ensemble une solution sur mesure qui vise \u00e0\u00a0renforcer vos comp\u00e9tences parentales afin que vous puissiez\u00a0proc\u00e9der \u00e0 des ajustements qui vous permettent\u00a0de concilier harmonieusement les n\u00e9cessit\u00e9s de votre r\u00f4le parental et les besoins de votre enfant.<\/p>\n<p style=\"text-align: justify;\">\n","protected":false},"excerpt":{"rendered":"<p>Construire au quotidien une relation bienveillante et cadrante avec vos enfants.<\/p>\n","protected":false},"author":1,"featured_media":503,"parent":123,"menu_order":0,"comment_status":"closed","ping_status":"closed","template":"","meta":[],"_links":{"self":[{"href":"https:\/\/www.mieuxetheureux.ch\/index.php?rest_route=\/wp\/v2\/pages\/125"}],"collection":[{"href":"https:\/\/www.mieuxetheureux.ch\/index.php?rest_route=\/wp\/v2\/pages"}],"about":[{"href":"https:\/\/www.mieuxetheureux.ch\/index.php?rest_route=\/wp\/v2\/types\/page"}],"author":[{"embeddable":true,"href":"https:\/\/www.mieuxetheureux.ch\/index.php?rest_route=\/wp\/v2\/users\/1"}],"replies":[{"embeddable":true,"href":"https:\/\/www.mieuxetheureux.ch\/index.php?rest_route=%2Fwp%2Fv2%2Fcomments&post=125"}],"version-history":[{"count":37,"href":"https:\/\/www.mieuxetheureux.ch\/index.php?rest_route=\/wp\/v2\/pages\/125\/revisions"}],"predecessor-version":[{"id":1200,"href":"https:\/\/www.mieuxetheureux.ch\/index.php?rest_route=\/wp\/v2\/pages\/125\/revisions\/1200"}],"up":[{"embeddable":true,"href":"https:\/\/www.mieuxetheureux.ch\/index.php?rest_route=\/wp\/v2\/pages\/123"}],"wp:featuredmedia":[{"embeddable":true,"href":"https:\/\/www.mieuxetheureux.ch\/index.php?rest_route=\/wp\/v2\/media\/503"}],"wp:attachment":[{"href":"https:\/\/www.mieuxetheureux.ch\/index.php?rest_route=%2Fwp%2Fv2%2Fmedia&parent=125"}],"curies":[{"name":"wp","href":"https:\/\/api.w.org\/{rel}","templated":true}]}}