{"id":127,"date":"2016-03-05T20:55:27","date_gmt":"2016-03-05T19:55:27","guid":{"rendered":"http:\/\/www.mieuxetheureux.ch\/wordpress\/?page_id=127"},"modified":"2017-03-16T21:49:46","modified_gmt":"2017-03-16T20:49:46","slug":"soutien-conseil-psychologie","status":"publish","type":"page","link":"https:\/\/www.mieuxetheureux.ch\/?page_id=127","title":{"rendered":"Soutien et conseil psychologique"},"content":{"rendered":"<p style=\"text-align: justify;\">Accompagner avec confiance le d\u00e9veloppement de votre\u00a0enfant et le soutenir dans les difficult\u00e9s rencontr\u00e9es sur les plans\u00a0personnel, familial, scolaire ou\u00a0social.<!--more--><\/p>\n<h4 style=\"text-align: justify;\">Pour qui?<\/h4>\n<p style=\"text-align: justify;\">Le conseil et le soutien psychologique\u00a0s&rsquo;adressent \u00e0 l&rsquo;enfant et aux personnes responsables de son d\u00e9veloppement et de son \u00e9ducation (parents, enseignants)\u00a0lorsqu&rsquo;ils\u00a0traversent une\u00a0situation v\u00e9cue comme insatisfaisante et qu&rsquo;ils souhaitent mieux comprendre la situation et d\u00e9velopper des r\u00e9ponses qui leur permettent de relever avec succ\u00e8s les d\u00e9fis qu&rsquo;elle pose.<\/p>\n<p style=\"text-align: justify;\">Ils visent \u00e0 activer et \u00e0 d\u00e9velopper les ressources de l&rsquo;enfant et de son contexte (famille, \u00e9cole)\u00a0en vue\u00a0de cr\u00e9er une nouvelle dynamique qui leur permette de d\u00e9passer la situation de crise et d\u2019acc\u00e9der \u00e0 un mieux-\u00eatre.<\/p>\n<h4 style=\"text-align: justify;\">Pourquoi?<\/h4>\n<p style=\"text-align: justify;\">Parce que l&rsquo;apparition d&rsquo;une probl\u00e9matique dans un contexte particulier (famille, \u00e9cole, amis, &#8230;) ou en lien avec des\u00a0circonstances de vie parfois difficiles \u00e0 traverser (s\u00e9paration, deuil, &#8230;) peuvent soulever des questions et laisser d\u00e9muni.<\/p>\n<p style=\"text-align: justify;\">Parce que le d\u00e9veloppement d&rsquo;un enfant am\u00e8ne\u00a0son lot de joies et d&rsquo;\u00e9merveillement, mais qu&rsquo;il est\u00a0\u00e9galement source de stress et d&rsquo;interrogations, autant pour l&rsquo;enfant lui-m\u00eame que pour son entourage.<\/p>\n<p style=\"text-align: justify;\">Parce que grandir (et \u00e9duquer!) requi\u00e8re constamment\u00a0de nouvelles capacit\u00e9s\u00a0d&rsquo;adaptations (tant sur les plans personnel, qu&rsquo;intellectuel et social) et que dans\u00a0certaines situations, nous pouvons nous sentir limit\u00e9s dans\u00a0nos ressources.<\/p>\n<p style=\"text-align: justify;\">Le conseil et le soutien psychologique vous sont utiles dans les\u00a0situations suivantes :<\/p>\n<ul style=\"text-align: justify;\">\n<li><strong>difficult\u00e9s scolaires<\/strong> (baisse soudaine des r\u00e9sultats scolaires, difficult\u00e9s\/retard d&rsquo;apprentissage, troubles de la concentration, surdouance,\u00a0difficult\u00e9s d&rsquo;organisation, manque d&rsquo;autonomie, &#8230;)<\/li>\n<li><strong>difficult\u00e9s relationnelles\/sociales\/communicationnelles<\/strong> avec l&rsquo;adulte ou avec les pairs (troubles de l&rsquo;attachement\/difficult\u00e9s de s\u00e9paration, manque de confiance en soi\/estime de soi,\u00a0timidit\u00e9 excessive,\u00a0conflits, retrait social, &#8230; )<\/li>\n<li><strong>difficult\u00e9s comportementales<\/strong> (opposition, agitation,\u00a0agressivit\u00e9,\u00a0refus de l&rsquo;autorit\u00e9, hyperactivit\u00e9, changements soudains de comportements, r\u00e9gressions, comportements \u00e9tranges, comportements \u00e0 risque, &#8230;)<\/li>\n<li><strong>manifestations somatiques<\/strong> (divers maux physiques sans cause organique\u00a0(maux de ventre, t\u00eate, &#8230;), \u00e9nur\u00e9sie, encopr\u00e9sie, &#8230;)<\/li>\n<li><strong>troubles du sommeil<\/strong> (difficult\u00e9s d&rsquo;endormissement, insomnies, cauchemars, &#8230;)<\/li>\n<li><strong>troubles anxieux<\/strong> (anxi\u00e9t\u00e9, peurs, angoisse, phobie, tics, rituels (TOC))<\/li>\n<li><strong>troubles alimentaires<\/strong> (anorexie, boulimie, &#8230;)<\/li>\n<li><strong>troubles de l&rsquo;humeur<\/strong> (pleurs fr\u00e9quents, tristesse, grande fatigue, repli social, &#8230;)<\/li>\n<li><strong>\u00e9v\u00e9nements de vie<\/strong> (naissance, d\u00e9m\u00e9nagement, deuil, s\u00e9paration, divorce, famille recompos\u00e9e, maltraitance, &#8230;)<\/li>\n<\/ul>\n<h4 style=\"text-align: justify;\">Comment?<\/h4>\n<p style=\"text-align: justify;\">Je vous offre un espace, \u00e0 vous et\/ou \u00e0 votre enfant, pour vous exprimer au sujet de la situation qui vous pose un d\u00e9fi et vous offre un soutien pour vous aider \u00e0 mettre un sens sur les difficult\u00e9s rencontr\u00e9es. Je vous accompagne pour construire des r\u00e9ponses \u00a0concr\u00e8tes qui vous permettront de les surmonter\u00a0en mettant\u00a0en place des ajustements visant \u00e0\u00a0\u00e9tablir un fonctionnement plus harmonieux et \u00e9panouissant.<\/p>\n<p style=\"text-align: justify;\">\n","protected":false},"excerpt":{"rendered":"<p>Accompagner avec confiance le d\u00e9veloppement de votre\u00a0enfant et le soutenir dans les difficult\u00e9s rencontr\u00e9es sur les plans\u00a0personnel, familial, scolaire ou\u00a0social.<\/p>\n","protected":false},"author":1,"featured_media":761,"parent":123,"menu_order":2,"comment_status":"closed","ping_status":"closed","template":"","meta":[],"_links":{"self":[{"href":"https:\/\/www.mieuxetheureux.ch\/index.php?rest_route=\/wp\/v2\/pages\/127"}],"collection":[{"href":"https:\/\/www.mieuxetheureux.ch\/index.php?rest_route=\/wp\/v2\/pages"}],"about":[{"href":"https:\/\/www.mieuxetheureux.ch\/index.php?rest_route=\/wp\/v2\/types\/page"}],"author":[{"embeddable":true,"href":"https:\/\/www.mieuxetheureux.ch\/index.php?rest_route=\/wp\/v2\/users\/1"}],"replies":[{"embeddable":true,"href":"https:\/\/www.mieuxetheureux.ch\/index.php?rest_route=%2Fwp%2Fv2%2Fcomments&post=127"}],"version-history":[{"count":30,"href":"https:\/\/www.mieuxetheureux.ch\/index.php?rest_route=\/wp\/v2\/pages\/127\/revisions"}],"predecessor-version":[{"id":1316,"href":"https:\/\/www.mieuxetheureux.ch\/index.php?rest_route=\/wp\/v2\/pages\/127\/revisions\/1316"}],"up":[{"embeddable":true,"href":"https:\/\/www.mieuxetheureux.ch\/index.php?rest_route=\/wp\/v2\/pages\/123"}],"wp:featuredmedia":[{"embeddable":true,"href":"https:\/\/www.mieuxetheureux.ch\/index.php?rest_route=\/wp\/v2\/media\/761"}],"wp:attachment":[{"href":"https:\/\/www.mieuxetheureux.ch\/index.php?rest_route=%2Fwp%2Fv2%2Fmedia&parent=127"}],"curies":[{"name":"wp","href":"https:\/\/api.w.org\/{rel}","templated":true}]}}