{"id":14,"date":"2016-02-04T20:41:39","date_gmt":"2016-02-04T20:41:39","guid":{"rendered":"http:\/\/www.mieuxetheureux.ch\/wordpress\/?page_id=14"},"modified":"2023-09-01T22:52:30","modified_gmt":"2023-09-01T20:52:30","slug":"carte","status":"publish","type":"page","link":"https:\/\/www.mieuxetheureux.ch\/?page_id=14","title":{"rendered":"Contact"},"content":{"rendered":"\n<p><strong>Natana\u00e8le Lutz<\/strong><\/p>\n\n\n\n<p>Psychologue, kin\u00e9siologue et hypnoth\u00e9rapeute (reconnue ASCA)<\/p>\n\n\n\n<p><i class=\"fa fa-phone\"><\/i><br>079 912 16 26<\/p>\n\n\n\n<p><i class=\"fa fa-envelope-o\"><\/i><br><a href=\"mailto:natanaele@mieuxetheureux.ch\">natanaele@mieuxetheureux.ch<\/a><\/p>\n\n\n\n<p><i class=\"fa fa-location-arrow\"><\/i><br>Av. de V\u00e9rolliez 49<br>1890 St-Maurice<\/p>\n<\/div>\n\n\n\n<p><iframe loading=\"lazy\" style=\"border: 0;\" src=\"https:\/\/www.google.com\/maps\/embed?pb=!1m18!1m12!1m3!1d7846.475409948363!2d6.994141074348835!3d46.2116231235714!2m3!1f0!2f0!3f0!3m2!1i1024!2i768!4f13.1!3m3!1m2!1s0x478eb960950823fd%3A0x86819a4f2b846983!2sAvenue+de+V%C3%A9rolliez+49%2C+1890+Saint-Maurice!5e0!3m2!1sfr!2sch!4v1457873584459\" width=\"800\" height=\"800\" frameborder=\"0\" allowfullscreen=\"allowfullscreen\"><\/iframe><\/p>\n\n\n\n<p>Depuis&nbsp;la route cantonale 21, au rond point orn\u00e9 d&rsquo;une croix stylis\u00e9e de St-Maurice, prendre la sortie Mex-Epinassey, en direction du passage sous-voie. <\/p>\n\n\n\n<p>Tout de suite apr\u00e8s le passage sous-voie, tourner&nbsp;\u00e0 droite, en direction de V\u00e9rolliez.<\/p>\n\n\n\n<p>Au sommet de la mont\u00e9e, tourner&nbsp;\u00e0 gauche et suivre V\u00e9rolliez jusqu&rsquo;au parking qui fait face \u00e0 l&rsquo;entr\u00e9e de la maison orange en photo&nbsp;ci-dessus.<\/p>\n\n\n\n<p>Les places de parc sont gratuites et \u00e0 votre disposition.<\/p>\n\n\n\n<p>L&rsquo;entr\u00e9e de la maison se trouve face au parking.<\/p>\n","protected":false},"excerpt":{"rendered":"<p>Natana\u00e8le Lutz Psychologue, kin\u00e9siologue et hypnoth\u00e9rapeute (reconnue ASCA) 079 912 16 26 natanaele@mieuxetheureux.ch Av. de V\u00e9rolliez 491890 St-Maurice Depuis&nbsp;la route cantonale 21, au rond point orn\u00e9 d&rsquo;une&hellip; <span class=\"read-more\"><a class=\"more-link\" href=\"https:\/\/www.mieuxetheureux.ch\/?page_id=14\" rel=\"bookmark\">Lire la suite <span class=\"screen-reader-text\">\u00ab\u00a0Contact\u00a0\u00bb<\/span><\/a><\/span><\/p>\n","protected":false},"author":1,"featured_media":1303,"parent":0,"menu_order":0,"comment_status":"closed","ping_status":"closed","template":"","meta":[],"_links":{"self":[{"href":"https:\/\/www.mieuxetheureux.ch\/index.php?rest_route=\/wp\/v2\/pages\/14"}],"collection":[{"href":"https:\/\/www.mieuxetheureux.ch\/index.php?rest_route=\/wp\/v2\/pages"}],"about":[{"href":"https:\/\/www.mieuxetheureux.ch\/index.php?rest_route=\/wp\/v2\/types\/page"}],"author":[{"embeddable":true,"href":"https:\/\/www.mieuxetheureux.ch\/index.php?rest_route=\/wp\/v2\/users\/1"}],"replies":[{"embeddable":true,"href":"https:\/\/www.mieuxetheureux.ch\/index.php?rest_route=%2Fwp%2Fv2%2Fcomments&post=14"}],"version-history":[{"count":26,"href":"https:\/\/www.mieuxetheureux.ch\/index.php?rest_route=\/wp\/v2\/pages\/14\/revisions"}],"predecessor-version":[{"id":1399,"href":"https:\/\/www.mieuxetheureux.ch\/index.php?rest_route=\/wp\/v2\/pages\/14\/revisions\/1399"}],"wp:featuredmedia":[{"embeddable":true,"href":"https:\/\/www.mieuxetheureux.ch\/index.php?rest_route=\/wp\/v2\/media\/1303"}],"wp:attachment":[{"href":"https:\/\/www.mieuxetheureux.ch\/index.php?rest_route=%2Fwp%2Fv2%2Fmedia&parent=14"}],"curies":[{"name":"wp","href":"https:\/\/api.w.org\/{rel}","templated":true}]}}