{"id":53,"date":"2016-02-06T14:04:35","date_gmt":"2016-02-06T14:04:35","guid":{"rendered":"http:\/\/www.mieuxetheureux.ch\/wordpress\/?page_id=53"},"modified":"2023-01-22T12:12:50","modified_gmt":"2023-01-22T11:12:50","slug":"presentation","status":"publish","type":"page","link":"https:\/\/www.mieuxetheureux.ch\/?page_id=53","title":{"rendered":"Pr\u00e9sentation"},"content":{"rendered":"<blockquote>\n<p style=\"text-align: center;\">Le plus grand bien que nous puissions faire aux autres<\/p>\n<p style=\"text-align: center;\">n&rsquo;est pas de leur communiquer notre richesse,\u00a0mais de leur r\u00e9v\u00e9ler la leur.<\/p>\n<p style=\"text-align: center;\">Louis Lavelle<\/p>\n<\/blockquote>\n<p><!--more Lire la suite--><\/p>\n<p><img decoding=\"async\" loading=\"lazy\" class=\"alignnone size-full wp-image-1080 alignright\" src=\"http:\/\/www.mieuxetheureux.ch\/wordpress\/wp-content\/uploads\/2016\/04\/DSC_7813-Copie_nat-site-e1461265033784.jpg\" alt=\"DSC_7813 - Copie_nat site\" width=\"250\" height=\"309\" \/>Psychologue de formation, j&rsquo;ai travaill\u00e9 plus de douze ans avec des enfants et les adultes responsables de leur d\u00e9veloppement et de leur \u00e9ducation.<\/p>\n<p style=\"text-align: justify;\">Interpell\u00e9e \u00e0 plusieurs reprises par des parents qui me disaient avoir h\u00e9sit\u00e9 \u00e0 entreprendre un suivi psychologique ou \u00e0 d\u00e9buter des s\u00e9ances de kin\u00e9siologie, je me suis questionn\u00e9e sur ce qui pouvait mettre en concurrence ces deux approches.<\/p>\n<p style=\"text-align: justify;\">Curieuse de l&rsquo;engouement que suscitait cette m\u00e9thode et d\u00e9sireuse d&rsquo;en comprendre son fonctionnement, je m&rsquo;y suis int\u00e9ress\u00e9e de plus pr\u00e8s et il m&rsquo;est apparu \u00e9vident que cette technique devait devenir une nouvelle corde \u00e0 mon arc\u00a0!<\/p>\n<p style=\"text-align: justify;\">Ayant baign\u00e9, durant ma pratique de psychologue, dans un cadre de travail syst\u00e9mique, je suis sensible \u00e0 l&rsquo;importance de replacer les \u00e9v\u00e9nements dans leur contexte pour bien en saisir les enjeux.<\/p>\n<p style=\"text-align: justify;\">La kin\u00e9siologie s&rsquo;inscrit \u00e0 mes yeux dans cette m\u00eame dynamique, car elle consid\u00e8re l&rsquo;\u00eatre humain de mani\u00e8re holistique, en\u00a0accordant autant d&rsquo;int\u00e9r\u00eat \u00e0 son corps, qu&rsquo;\u00e0 son psychisme (pens\u00e9es et \u00e9motions) et \u00e0 son \u00e9nergie vitale.<\/p>\n<p style=\"text-align: justify;\">La part que cette approche fait au corps et \u00e0 l&rsquo;\u00e9nergie me para\u00eet tr\u00e8s compl\u00e9mentaire \u00e0 la part que fait la psychologie au mental et au relationnel. J&rsquo;y ai trouv\u00e9 de nouvelles perspectives pour aborder les situations difficiles selon la sensibilit\u00e9, les besoins et le rythme de d\u00e9veloppement de chacun.<\/p>\n<p style=\"text-align: justify;\">C&rsquo;est aujourd&rsquo;hui, riche de ces multiples regards que je vous propose mon savoir-\u00eatre et mon savoir-faire pour vous accompagner dans vos recherches de solutions\u00a0et\u00a0sur le chemin de votre accomplissement!<\/p>\n<p>Je suis reconnue <a href=\"https:\/\/www.asca.ch\/DC.aspx?content=Assureurs_conventionnes\">ASCA<\/a>.<\/p>\n","protected":false},"excerpt":{"rendered":"<p>Le plus grand bien que nous puissions faire aux autres n&rsquo;est pas de leur communiquer notre richesse,\u00a0mais de leur r\u00e9v\u00e9ler la leur. Louis Lavelle<\/p>\n","protected":false},"author":1,"featured_media":739,"parent":0,"menu_order":2,"comment_status":"closed","ping_status":"closed","template":"page-templates\/template-grid.php","meta":[],"_links":{"self":[{"href":"https:\/\/www.mieuxetheureux.ch\/index.php?rest_route=\/wp\/v2\/pages\/53"}],"collection":[{"href":"https:\/\/www.mieuxetheureux.ch\/index.php?rest_route=\/wp\/v2\/pages"}],"about":[{"href":"https:\/\/www.mieuxetheureux.ch\/index.php?rest_route=\/wp\/v2\/types\/page"}],"author":[{"embeddable":true,"href":"https:\/\/www.mieuxetheureux.ch\/index.php?rest_route=\/wp\/v2\/users\/1"}],"replies":[{"embeddable":true,"href":"https:\/\/www.mieuxetheureux.ch\/index.php?rest_route=%2Fwp%2Fv2%2Fcomments&post=53"}],"version-history":[{"count":44,"href":"https:\/\/www.mieuxetheureux.ch\/index.php?rest_route=\/wp\/v2\/pages\/53\/revisions"}],"predecessor-version":[{"id":1378,"href":"https:\/\/www.mieuxetheureux.ch\/index.php?rest_route=\/wp\/v2\/pages\/53\/revisions\/1378"}],"wp:featuredmedia":[{"embeddable":true,"href":"https:\/\/www.mieuxetheureux.ch\/index.php?rest_route=\/wp\/v2\/media\/739"}],"wp:attachment":[{"href":"https:\/\/www.mieuxetheureux.ch\/index.php?rest_route=%2Fwp%2Fv2%2Fmedia&parent=53"}],"curies":[{"name":"wp","href":"https:\/\/api.w.org\/{rel}","templated":true}]}}