{"id":62,"date":"2016-02-06T15:47:06","date_gmt":"2016-02-06T14:47:06","guid":{"rendered":"http:\/\/www.mieuxetheureux.ch\/wordpress\/?page_id=62"},"modified":"2017-03-16T22:20:22","modified_gmt":"2017-03-16T21:20:22","slug":"liberation-de-stress","status":"publish","type":"page","link":"https:\/\/www.mieuxetheureux.ch\/?page_id=62","title":{"rendered":"Lib\u00e9ration de stress \u00e9motionnel"},"content":{"rendered":"<p>Se lib\u00e9rer des stress et des \u00e9motions n\u00e9gatives qui parasitent notre vie et nous emp\u00eachent de nous r\u00e9aliser.\u00a0Retrouver sa libert\u00e9 de choix et d&rsquo;action pour vivre pleinement!<!--more--><\/p>\n<p>La lib\u00e9ration de stress \u00e9motionnel est une technique qui appartient \u00e0 la Kin\u00e9siologie du Bien-\u00eatre (Wellness Kinesiology). Elle a pour but d\u2019identifier et de d\u00e9programmer les stress\/conflits int\u00e9rieurs qui nous emp\u00eachent d\u2019avancer dans le pr\u00e9sent et qui constituent des obstacles \u00e0 notre d\u00e9veloppement personnel et \u00e0 l\u2019atteinte de nos objectifs (croyances limitantes, \u00e9motions bloqu\u00e9es, auto-sabotages, sc\u00e9narios r\u00e9p\u00e9titifs, sentiment de tourner en rond\/de faire du sur-place, prise de d\u00e9cision difficile, &#8230;). Nous transportons tous avec nous, par exemple, des croyances limitantes qui ne sont plus d\u2019actualit\u00e9, mais qui r\u00e9sonnent en nous comme des v\u00e9rit\u00e9s int\u00e9rieures qui nous restreignent dans notre libert\u00e9 d\u2019\u00eatre et d\u2019agir. La lib\u00e9ration de stress \u00e9motionnel permet notamment de reprogrammer ces croyances n\u00e9gatives et d\u2019ainsi nous ouvrir de nouvelles perspectives.<\/p>\n<h4 style=\"text-align: justify;\">Pour qui?<\/h4>\n<ul>\n<li>Pour toutes les personnes qui d\u00e9sirent organiser leur vie et leur temps de fa\u00e7on diff\u00e9rente, afin de ressentir les situations et les \u00e9v\u00e9nements comme moins p\u00e9nibles et moins stressants, et ainsi\u00a0vivre\u00a0un quotidien plus heureux et plus fluide.<\/li>\n<li>Pour tous ceux qui veulent reprendre le pouvoir dans leur vie (libert\u00e9 de choix et d\u2019action) et avancer avec confiance vers leurs objectifs.<\/li>\n<li>Pour tous ceux qui veulent mieux se conna\u00eetre et progresser sur le chemin de leur d\u00e9veloppement personnel.<\/li>\n<\/ul>\n<h4 style=\"text-align: justify;\"><\/h4>\n<h4 style=\"text-align: justify;\">Pourquoi\u00a0?<\/h4>\n<p style=\"text-align: justify;\">La technique de lib\u00e9ration de stress \u00e9motionnel est utile en cas de\u00a0:<\/p>\n<ul>\n<li style=\"text-align: justify;\">procrastination, phobies, peurs, addictions, comportements obsessionnels, anxi\u00e9t\u00e9<\/li>\n<li style=\"text-align: justify;\">souhait d&rsquo;am\u00e9liorer sa relation \u00e0 la nourriture<\/li>\n<li style=\"text-align: justify;\">\u00e9motions bloqu\u00e9es<\/li>\n<li style=\"text-align: justify;\">douleurs \u00e0 composante \u00e9motionnelle<\/li>\n<li style=\"text-align: justify;\">croyances et traits de personnalit\u00e9 n\u00e9gatifs<\/li>\n<\/ul>\n<h4><\/h4>\n<h4>Comment?<\/h4>\n<p>Gr\u00e2ce \u00e0 des techniques simples, mais puissantes, inspir\u00e9es de\u00a0la m\u00e9decine traditionnelle chinoise et de la PNL (programmation neuro-linguistique).<br \/>\nLes principaux outils de lib\u00e9ration de stress \u00e9motionnel sont les tapotements de points d\u2019acupuncture, le travail avec les affirmations, l\u2019int\u00e9gration c\u00e9r\u00e9brale et les rotations oculaires.<\/p>\n<p>&nbsp;<\/p>\n<blockquote>\n<p style=\"text-align: center;\">L&rsquo;avenir nous tourmente, le pass\u00e9 nous retient,<\/p>\n<p style=\"text-align: center;\">c&rsquo;est pour cette raison que le pr\u00e9sent nous \u00e9chappe.<\/p>\n<p style=\"text-align: right;\">Gustave Flaubert<\/p>\n<\/blockquote>\n","protected":false},"excerpt":{"rendered":"<p>Se lib\u00e9rer des stress et des \u00e9motions n\u00e9gatives qui parasitent notre vie et nous emp\u00eachent de nous r\u00e9aliser.\u00a0Retrouver sa libert\u00e9 de choix et d&rsquo;action pour vivre pleinement!<\/p>\n","protected":false},"author":1,"featured_media":532,"parent":67,"menu_order":3,"comment_status":"closed","ping_status":"closed","template":"","meta":[],"_links":{"self":[{"href":"https:\/\/www.mieuxetheureux.ch\/index.php?rest_route=\/wp\/v2\/pages\/62"}],"collection":[{"href":"https:\/\/www.mieuxetheureux.ch\/index.php?rest_route=\/wp\/v2\/pages"}],"about":[{"href":"https:\/\/www.mieuxetheureux.ch\/index.php?rest_route=\/wp\/v2\/types\/page"}],"author":[{"embeddable":true,"href":"https:\/\/www.mieuxetheureux.ch\/index.php?rest_route=\/wp\/v2\/users\/1"}],"replies":[{"embeddable":true,"href":"https:\/\/www.mieuxetheureux.ch\/index.php?rest_route=%2Fwp%2Fv2%2Fcomments&post=62"}],"version-history":[{"count":28,"href":"https:\/\/www.mieuxetheureux.ch\/index.php?rest_route=\/wp\/v2\/pages\/62\/revisions"}],"predecessor-version":[{"id":1322,"href":"https:\/\/www.mieuxetheureux.ch\/index.php?rest_route=\/wp\/v2\/pages\/62\/revisions\/1322"}],"up":[{"embeddable":true,"href":"https:\/\/www.mieuxetheureux.ch\/index.php?rest_route=\/wp\/v2\/pages\/67"}],"wp:featuredmedia":[{"embeddable":true,"href":"https:\/\/www.mieuxetheureux.ch\/index.php?rest_route=\/wp\/v2\/media\/532"}],"wp:attachment":[{"href":"https:\/\/www.mieuxetheureux.ch\/index.php?rest_route=%2Fwp%2Fv2%2Fmedia&parent=62"}],"curies":[{"name":"wp","href":"https:\/\/api.w.org\/{rel}","templated":true}]}}