{"id":65,"date":"2016-02-06T15:48:14","date_gmt":"2016-02-06T14:48:14","guid":{"rendered":"http:\/\/www.mieuxetheureux.ch\/wordpress\/?page_id=65"},"modified":"2017-03-16T21:58:36","modified_gmt":"2017-03-16T20:58:36","slug":"sante-par-le-toucher","status":"publish","type":"page","link":"https:\/\/www.mieuxetheureux.ch\/?page_id=65","title":{"rendered":"Sant\u00e9 Par le Toucher"},"content":{"rendered":"<p style=\"text-align: justify;\">Un travail sur les zones r\u00e9flexes du corps\u00a0pour remettre en circulation les \u00e9nergies, retrouver sa vitalit\u00e9, d\u00e9passer ses douleurs et acc\u00e9der \u00e0 son plein potentiel !<!--more--><\/p>\n<h4 style=\"text-align: justify;\">Quoi et Comment?<\/h4>\n<p style=\"text-align: justify;\">La Sant\u00e9 Par le Toucher (Touch for Health) est une m\u00e9thode douce bas\u00e9e notamment sur la th\u00e9orie des cinq \u00e9l\u00e9ments issue de la m\u00e9decine traditionnelle chinoise. Cette technique\u00a0prend en compte la personne et son \u00e9quilibre sur les plans corporel, \u00e9motionnel, nutritionnel et \u00e9nerg\u00e9tique. Elle part du principe qu\u2019un stress\u00a0sur l&rsquo;un de ces plans\u00a0a des r\u00e9percussions sur les autres plans. Ainsi, une douleur physique peut influencer le psychisme (baisse de moral, par exemple), comme des pr\u00e9occupations mentales peuvent se r\u00e9percuter sur le corps physique (somatisations). L&rsquo;un ou l&rsquo;autre provoque des changements et des blocages qui se manifestent aux niveaux \u00e9nerg\u00e9tique et postural.<\/p>\n<p style=\"text-align: justify;\">La Sant\u00e9 par le Toucher vise, \u00e0 l\u2019aide du test musculaire, \u00e0 identifier ces blocages \u00e9nerg\u00e9tiques dans l\u2019organisme et \u00e0 les corriger\u00a0gr\u00e2ce \u00e0 un travail manuel simple. Ces corrections se font par la stimulation de diff\u00e9rents points du corps qui agissent\u00a0par voies r\u00e9flexes sur les syst\u00e8mes lymphatique, sanguin et les m\u00e9ridiens.<\/p>\n<p style=\"text-align: justify;\">La Sant\u00e9 par le Toucher permet \u00e9galement de mettre en \u00e9vidence les stress \u00e0 l\u2019origine de ces d\u00e9s\u00e9quilibres. La r\u00e9\u00e9quilibration \u00e9nerg\u00e9tique lib\u00e8re \u00e0 la fois le corps de ses tensions tout en redonnant acc\u00e8s \u00e0 la personne \u00e0 ses ressources afin qu&rsquo;elle puisse\u00a0d\u00e9sormais g\u00e9rer diff\u00e9remment les situations similaires qu&rsquo;elle pourrait rencontrer.<\/p>\n<h4 style=\"text-align: justify;\">Pour qui?<\/h4>\n<p style=\"text-align: justify;\"><strong>Tout le monde<\/strong>, du b\u00e9b\u00e9 \u00e0 la personne \u00e2g\u00e9e. Cette m\u00e9thode convient aux femmes enceintes et aux personnes limit\u00e9es dans leurs mouvements. La s\u00e9ance s\u2019effectue alors avec l\u2019aide d\u2019un tiers.<br \/>\nLa technique peut se pratiquer debout ou allong\u00e9 sur une table de massage. La personne reste habill\u00e9e. Des v\u00eatements confortables sont recommand\u00e9s.<\/p>\n<h4 style=\"text-align: justify;\">Pourquoi?<\/h4>\n<ul style=\"text-align: justify;\">\n<li>Favorise le <strong>bien-\u00eatre <\/strong>et la <strong>sant\u00e9<\/strong> (activation du syst\u00e8me d\u2019auto-gu\u00e9rison)<\/li>\n<li>Facilite la <strong>communication<\/strong> et la <strong>vie sociale<\/strong> (timidit\u00e9, mal-\u00eatre en soci\u00e9t\u00e9,\u00a0&#8230;)<\/li>\n<li>Am\u00e9liore la <strong>gestion des \u00e9motions<\/strong> n\u00e9gatives (anxi\u00e9t\u00e9, peur, d\u00e9couragement, agressivit\u00e9, tristesse\u2026)<\/li>\n<li>Permet une meilleure\u00a0<strong>gestion\u00a0du stress<\/strong> ( fatigue chronique, sentiment de tourner en rond, nervosit\u00e9, examens, prestations en public, entretiens d\u2019embauche, surmenage, &#8230;)<\/li>\n<li>Contribue \u00e0 l\u2019<strong>am\u00e9lioration des performances<\/strong> (scolaires, sportives, intellectuelles, artistiques,\u2026)<\/li>\n<li>Aide au <strong>d\u00e9veloppement personnel<\/strong> (besoin d\u2019\u00e9voluer et de prendre en charge de sa vie, apprendre \u00e0 se conna\u00eetre en profondeur, appr\u00e9hender les situations sous un autre angle, susciter le changement, d\u00e9jouer des sch\u00e9mas inconscients qui nous emp\u00eachent d\u2019avancer)<\/li>\n<li>Soulage les <strong>douleurs<\/strong>, les <strong>tensions physiques<\/strong>, les <strong>manifestations somatiques<\/strong> (dos\/nuque\/jambes\/bras, migraines, fatigue, probl\u00e8mes digestifs,\u00a0psoriasis, allergies,\u2026)<\/li>\n<li>Soutient en cas de <strong>difficult\u00e9s psychologiques<\/strong> (manque d&rsquo;estime de soi \/ confiance en soi, phobies, angoisses, obsessions, d\u00e9pression, troubles du sommeil, addictions et d\u00e9pendances)<\/li>\n<li>Aide \u00e0 traverser les<strong> \u00e9v\u00e9nements majeurs de la vie<\/strong> (grossesse, naissance, deuil, accident, agression, maladie, s\u00e9paration, divorce,\u2026)<\/li>\n<\/ul>\n<h4 style=\"text-align: justify;\"><\/h4>\n","protected":false},"excerpt":{"rendered":"<p>Un travail sur les zones r\u00e9flexes du corps\u00a0pour remettre en circulation les \u00e9nergies, retrouver sa vitalit\u00e9, d\u00e9passer ses douleurs et acc\u00e9der \u00e0 son plein potentiel !<\/p>\n","protected":false},"author":1,"featured_media":882,"parent":67,"menu_order":1,"comment_status":"closed","ping_status":"closed","template":"","meta":[],"_links":{"self":[{"href":"https:\/\/www.mieuxetheureux.ch\/index.php?rest_route=\/wp\/v2\/pages\/65"}],"collection":[{"href":"https:\/\/www.mieuxetheureux.ch\/index.php?rest_route=\/wp\/v2\/pages"}],"about":[{"href":"https:\/\/www.mieuxetheureux.ch\/index.php?rest_route=\/wp\/v2\/types\/page"}],"author":[{"embeddable":true,"href":"https:\/\/www.mieuxetheureux.ch\/index.php?rest_route=\/wp\/v2\/users\/1"}],"replies":[{"embeddable":true,"href":"https:\/\/www.mieuxetheureux.ch\/index.php?rest_route=%2Fwp%2Fv2%2Fcomments&post=65"}],"version-history":[{"count":21,"href":"https:\/\/www.mieuxetheureux.ch\/index.php?rest_route=\/wp\/v2\/pages\/65\/revisions"}],"predecessor-version":[{"id":1317,"href":"https:\/\/www.mieuxetheureux.ch\/index.php?rest_route=\/wp\/v2\/pages\/65\/revisions\/1317"}],"up":[{"embeddable":true,"href":"https:\/\/www.mieuxetheureux.ch\/index.php?rest_route=\/wp\/v2\/pages\/67"}],"wp:featuredmedia":[{"embeddable":true,"href":"https:\/\/www.mieuxetheureux.ch\/index.php?rest_route=\/wp\/v2\/media\/882"}],"wp:attachment":[{"href":"https:\/\/www.mieuxetheureux.ch\/index.php?rest_route=%2Fwp%2Fv2%2Fmedia&parent=65"}],"curies":[{"name":"wp","href":"https:\/\/api.w.org\/{rel}","templated":true}]}}