{"id":70,"date":"2016-02-06T15:50:06","date_gmt":"2016-02-06T14:50:06","guid":{"rendered":"http:\/\/www.mieuxetheureux.ch\/wordpress\/?page_id=70"},"modified":"2017-03-16T22:02:16","modified_gmt":"2017-03-16T21:02:16","slug":"education-kinesthesique","status":"publish","type":"page","link":"https:\/\/www.mieuxetheureux.ch\/?page_id=70","title":{"rendered":"Education kinesth\u00e9sique"},"content":{"rendered":"<p style=\"text-align: justify;\">Des mouvements simples et ludiques pour d\u00e9passer ses difficult\u00e9s d&rsquo;apprentissage, am\u00e9liorer ses capacit\u00e9s et retrouver le go\u00fbt d&rsquo;apprendre!<!--more--><\/p>\n<p style=\"text-align: justify;\">Les\u00a0mouvements d&rsquo;\u00e9ducation kinesth\u00e9sique (Brain Gym),\u00a0 d\u00e9velopp\u00e9s dans les ann\u00e9es &rsquo;80 par P. Dennison, favorisent une meilleure collaboration des h\u00e9misph\u00e8res c\u00e9r\u00e9braux et des diff\u00e9rentes parties du corps impliqu\u00e9es dans les apprentissages (yeux, oreilles, mains, pieds).<\/p>\n<p style=\"text-align: justify;\">Ils mobilisent l&rsquo;ensemble des ressources physiques, \u00e9motionnelles et cognitives impliqu\u00e9es dans tout acte d&rsquo;apprentissage.<\/p>\n<h4 style=\"text-align: justify;\">Comment\u00a0?<\/h4>\n<p style=\"text-align: justify;\">Les difficult\u00e9s, le stress, l&rsquo;anxi\u00e9t\u00e9 ou la frustration face aux apprentissages cr\u00e9ent un d\u00e9s\u00e9quilibre chez l&rsquo;apprenant qui ne lui permet plus d&rsquo;activer les zones n\u00e9cessaires \u00e0 des activit\u00e9s de r\u00e9flexion, de compr\u00e9hension ou de m\u00e9morisation.<\/p>\n<p style=\"text-align: justify;\">Les mouvements de Brain Gym visent \u00e0 r\u00e9activer les zones du cerveau \u00ab\u00a0mises en veille\u00a0\u00bb et \u00e0 permettre ainsi \u00e0 la personne de retrouver son \u00e9quilibre et de d\u00e9passer ses blocages. Le sentiment de s\u00e9curit\u00e9 retrouv\u00e9, la personne est \u00e0 nouveau en pleine possession de ses comp\u00e9tences et peut relever avec confiance les d\u00e9fis de nouveaux apprentissages !<\/p>\n<h4 style=\"text-align: justify;\">Pour qui\u00a0?<\/h4>\n<p style=\"text-align: justify;\">Cette m\u00e9thode a \u00e9t\u00e9 \u00e9labor\u00e9e, dans un premier temps, pour aider les enfants en difficult\u00e9s d&rsquo;apprentissage. Elle s&rsquo;adresse \u00e9galement \u00e0 <strong>toutes les personnes (enfants ou adultes) qui souhaitent se sentir en pleine possession de leurs moyens pour apprendre<\/strong> (que ce soit sur le plan des facult\u00e9s intellectuelles, physiques, et\/ou \u00e9motionnelles), et qui sont ouverts \u00e0 exp\u00e9rimenter des nouvelles mani\u00e8res de penser et de fonctionner.<\/p>\n<h4 style=\"text-align: justify;\">Pourquoi?<\/h4>\n<ul>\n<li style=\"text-align: justify;\">faciliter les <strong>apprentissages scolaires<\/strong> (lecture, \u00e9criture, math\u00e9matiques, &#8230;)<\/li>\n<li style=\"text-align: justify;\">d\u00e9velopper la <strong>concentration<\/strong> et la <strong>m\u00e9moire<\/strong><\/li>\n<li style=\"text-align: justify;\">optimiser le <strong>traitement de l&rsquo;information<\/strong><\/li>\n<li style=\"text-align: justify;\"><strong>s&rsquo;organiser<\/strong> de fa\u00e7on efficace<\/li>\n<li style=\"text-align: justify;\">renforcer la <strong>confiance<\/strong> et l&rsquo;<strong>estime de soi<\/strong><\/li>\n<li style=\"text-align: justify;\">g\u00e9rer son <strong>stress<\/strong><\/li>\n<li style=\"text-align: justify;\">d\u00e9velopper les <strong>capacit\u00e9s motrices et sportives<\/strong><\/li>\n<li style=\"text-align: justify;\">\u00e9veiller la <strong>cr\u00e9ativit\u00e9<\/strong><\/li>\n<li style=\"text-align: justify;\"><strong>aller au bout de ses projets<\/strong><\/li>\n<\/ul>\n","protected":false},"excerpt":{"rendered":"<p>Des mouvements simples et ludiques pour d\u00e9passer ses difficult\u00e9s d&rsquo;apprentissage, am\u00e9liorer ses capacit\u00e9s et retrouver le go\u00fbt d&rsquo;apprendre!<\/p>\n","protected":false},"author":1,"featured_media":878,"parent":67,"menu_order":2,"comment_status":"closed","ping_status":"closed","template":"","meta":[],"_links":{"self":[{"href":"https:\/\/www.mieuxetheureux.ch\/index.php?rest_route=\/wp\/v2\/pages\/70"}],"collection":[{"href":"https:\/\/www.mieuxetheureux.ch\/index.php?rest_route=\/wp\/v2\/pages"}],"about":[{"href":"https:\/\/www.mieuxetheureux.ch\/index.php?rest_route=\/wp\/v2\/types\/page"}],"author":[{"embeddable":true,"href":"https:\/\/www.mieuxetheureux.ch\/index.php?rest_route=\/wp\/v2\/users\/1"}],"replies":[{"embeddable":true,"href":"https:\/\/www.mieuxetheureux.ch\/index.php?rest_route=%2Fwp%2Fv2%2Fcomments&post=70"}],"version-history":[{"count":28,"href":"https:\/\/www.mieuxetheureux.ch\/index.php?rest_route=\/wp\/v2\/pages\/70\/revisions"}],"predecessor-version":[{"id":1319,"href":"https:\/\/www.mieuxetheureux.ch\/index.php?rest_route=\/wp\/v2\/pages\/70\/revisions\/1319"}],"up":[{"embeddable":true,"href":"https:\/\/www.mieuxetheureux.ch\/index.php?rest_route=\/wp\/v2\/pages\/67"}],"wp:featuredmedia":[{"embeddable":true,"href":"https:\/\/www.mieuxetheureux.ch\/index.php?rest_route=\/wp\/v2\/media\/878"}],"wp:attachment":[{"href":"https:\/\/www.mieuxetheureux.ch\/index.php?rest_route=%2Fwp%2Fv2%2Fmedia&parent=70"}],"curies":[{"name":"wp","href":"https:\/\/api.w.org\/{rel}","templated":true}]}}